{"id":75,"date":"2013-02-25T12:16:46","date_gmt":"2013-02-25T11:16:46","guid":{"rendered":"http:\/\/ferienwohnung-oswald.at\/?page_id=75"},"modified":"2013-02-25T12:38:21","modified_gmt":"2013-02-25T11:38:21","slug":"golf-and-holiday-packages","status":"publish","type":"page","link":"https:\/\/ferienwohnung-oswald.at\/?page_id=75","title":{"rendered":"Golf and Holiday packages"},"content":{"rendered":"<p>Ein spezielles Angebot ist der Platzreifeurlaub in Kooperation mit dem Golfclub Salzburg. In wenigen Tagen und mit super Konditionen k\u00f6nnen Sie beim Golfclub Salzburg auf den Pl\u00e4tzen in Rif oder Romantikkurs Fuschlsee die Platzreife erlangen.<\/p>\n<table width=\"100%\" border=\"0\">\n<tbody>\n<tr>\n<td rowspan=\"2\" valign=\"top\" width=\"80\">Zeitraum:<\/td>\n<td valign=\"top\">&#8211;<\/td>\n<td valign=\"top\">April bis Ende Oktober<\/td>\n<td rowspan=\"2\" width=\"30\"><\/td>\n<td rowspan=\"2\"><\/td>\n<\/tr>\n<tr>\n<td valign=\"top\">&#8211;<\/td>\n<td valign=\"top\">5-Tageskurs von Montag morgens bis Freitag nachmittags oder<\/td>\n<\/tr>\n<tr>\n<td width=\"80\"><\/td>\n<td><\/td>\n<td>3-Tageskurs Montag bis Mittwoch \/ Freitag bis Sonntag<\/td>\n<td width=\"30\"><\/td>\n<td><\/td>\n<\/tr>\n<tr>\n<td rowspan=\"10\" valign=\"top\" width=\"80\">Leistungen:<\/td>\n<td valign=\"top\">&#8211;<\/td>\n<td valign=\"top\">Theorie- und Praxisunterricht mit einem gepr\u00fcftem PGA Golflehrer<\/td>\n<td rowspan=\"10\" width=\"30\"><\/td>\n<td rowspan=\"10\"><\/td>\n<\/tr>\n<tr>\n<td valign=\"top\">&#8211;<\/td>\n<td valign=\"top\"><\/td>\n<\/tr>\n<tr>\n<td valign=\"top\">&#8211;<\/td>\n<td valign=\"top\">Regel und Golfetikette-Kurs in Theorie und Praxis<\/td>\n<\/tr>\n<tr>\n<td valign=\"top\">&#8211;<\/td>\n<td valign=\"top\">Leihschl\u00e4ger und kostenlose Ben\u00fctzung der gesamten \u00dcbungsanlage<\/td>\n<\/tr>\n<tr>\n<td valign=\"top\">&#8211;<\/td>\n<td valign=\"top\">freie \u00dcbungsb\u00e4lle w\u00e4hrend des praktischen Unterrichtes<\/td>\n<\/tr>\n<tr>\n<td valign=\"top\">&#8211;<\/td>\n<td valign=\"top\">Platzreifepr\u00fcfung inklusive s\u00e4mtlicher Kosten und Geb\u00fchren<\/td>\n<\/tr>\n<tr>\n<td valign=\"top\">&#8211;<\/td>\n<td valign=\"top\">TOP! Inklusive <span style=\"text-decoration: underline;\">Europa-G\u00e4stemitgliedschaft<\/span> im Golfclub Salzburg f\u00fcr das laufende Jahr frei<\/td>\n<\/tr>\n<tr>\n<td valign=\"top\">&#8211;<\/td>\n<td valign=\"top\">5 bzw. 3 N\u00e4chte in unserer FeWo<\/td>\n<\/tr>\n<tr>\n<td valign=\"top\"><\/td>\n<td valign=\"top\"><\/td>\n<\/tr>\n<tr>\n<td valign=\"top\">&#8211;<\/td>\n<td valign=\"top\">Raum zur Aufbewahrung Ihrer Golfausr\u00fcstung<\/td>\n<\/tr>\n<\/tbody>\n<\/table>\n<p>&#8211; Link zum <a href=\"http:\/\/www.golfclub-salzburg.at\/fileadmin\/dokumente\/2013\/fuschl_kursprg2013.pdf\">Ausbildungsprogramm<\/a> des Golfclubs.<\/p>\n<p>&#8211; Ein <a href=\"http:\/\/www.golf.at\/oegv\/dyn.asp?ref=FILME&amp;p=1\">Golfvideo <\/a>f\u00fcr Golfeinsteiger.<\/p>\n<p>&#8211; Vorteile des Golfclub Slazburg Bonus <a href=\"http:\/\/www.golfclub-salzburg.at\/index.php?id=395\">Europag\u00e4stemitgliedschaft<\/a><\/p>\n<p>&#8211; <a href=\"http:\/\/www.golfclub-salzburg.at\/index.php?id=742\">Fotos<\/a> vom Golfclub Fuschl<\/p>\n","protected":false},"excerpt":{"rendered":"<p>Ein spezielles Angebot ist der Platzreifeurlaub in Kooperation mit dem Golfclub Salzburg. In wenigen Tagen und mit super Konditionen k\u00f6nnen Sie beim Golfclub Salzburg auf den Pl\u00e4tzen in Rif oder Romantikkurs Fuschlsee die Platzreife erlangen. Zeitraum: &#8211; April bis Ende &hellip; <a href=\"https:\/\/ferienwohnung-oswald.at\/?page_id=75\">Continue reading <span class=\"meta-nav\">&rarr;<\/span><\/a><\/p>\n","protected":false},"author":1,"featured_media":0,"parent":0,"menu_order":5,"comment_status":"closed","ping_status":"open","template":"","meta":{"footnotes":""},"class_list":["post-75","page","type-page","status-publish","hentry"],"_links":{"self":[{"href":"https:\/\/ferienwohnung-oswald.at\/index.php?rest_route=\/wp\/v2\/pages\/75","targetHints":{"allow":["GET"]}}],"collection":[{"href":"https:\/\/ferienwohnung-oswald.at\/index.php?rest_route=\/wp\/v2\/pages"}],"about":[{"href":"https:\/\/ferienwohnung-oswald.at\/index.php?rest_route=\/wp\/v2\/types\/page"}],"author":[{"embeddable":true,"href":"https:\/\/ferienwohnung-oswald.at\/index.php?rest_route=\/wp\/v2\/users\/1"}],"replies":[{"embeddable":true,"href":"https:\/\/ferienwohnung-oswald.at\/index.php?rest_route=%2Fwp%2Fv2%2Fcomments&post=75"}],"version-history":[{"count":13,"href":"https:\/\/ferienwohnung-oswald.at\/index.php?rest_route=\/wp\/v2\/pages\/75\/revisions"}],"predecessor-version":[{"id":89,"href":"https:\/\/ferienwohnung-oswald.at\/index.php?rest_route=\/wp\/v2\/pages\/75\/revisions\/89"}],"wp:attachment":[{"href":"https:\/\/ferienwohnung-oswald.at\/index.php?rest_route=%2Fwp%2Fv2%2Fmedia&parent=75"}],"curies":[{"name":"wp","href":"https:\/\/api.w.org\/{rel}","templated":true}]}}